{"id":31,"date":"2025-11-18T22:32:59","date_gmt":"2025-11-18T22:32:59","guid":{"rendered":"https:\/\/juancarlostanus.com\/index.php\/contact-us\/"},"modified":"2026-01-24T02:07:30","modified_gmt":"2026-01-24T02:07:30","slug":"contact-us","status":"publish","type":"page","link":"https:\/\/juancarlostanus.com\/index.php\/contact-us\/","title":{"rendered":"Contacto"},"content":{"rendered":"<div id=\"model-response-message-contentr_51516b2ca53bb854\" class=\"markdown markdown-main-panel enable-updated-hr-color\" dir=\"ltr\" aria-live=\"polite\" aria-busy=\"false\">\n<p data-path-to-node=\"0\"><span class=\"citation-3\">La <\/span><b data-path-to-node=\"0\" data-index-in-node=\"3\"><span class=\"citation-3\">Asociaci\u00f3n de Colombianos en Venezuela<\/span><\/b><span class=\"citation-3\"> (tambi\u00e9n conocida como <\/span><b data-path-to-node=\"0\" data-index-in-node=\"65\"><span class=\"citation-3\">Asocolombianos<\/span><\/b><span class=\"citation-3 citation-end-3\">) es una organizaci\u00f3n social y pol\u00edtica que agrupa a la comunidad de migrantes colombianos residentes en territorio venezolano.<\/span><\/p>\n<p data-path-to-node=\"2\">Su objetivo principal es la <b data-path-to-node=\"2\" data-index-in-node=\"28\">organizaci\u00f3n, defensa e inclusi\u00f3n social<\/b> de los colombianos en Venezuela. Entre sus funciones destacan:<\/p>\n<ul data-path-to-node=\"3\">\n<li>\n<p data-path-to-node=\"3,0,0\"><b data-path-to-node=\"3,0,0\" data-index-in-node=\"0\">Asistencia social:<\/b> Facilitar el acceso a programas de salud, educaci\u00f3n y servicios b\u00e1sicos.<\/p>\n<\/li>\n<li>\n<p data-path-to-node=\"3,1,0\"><b data-path-to-node=\"3,1,0\" data-index-in-node=\"0\">Defensa de derechos:<\/b> Representar a la comunidad migrante ante instituciones gubernamentales de ambos pa\u00edses.<\/p>\n<\/li>\n<li>\n<p data-path-to-node=\"3,2,0\"><b data-path-to-node=\"3,2,0\" data-index-in-node=\"0\">Promoci\u00f3n cultural:<\/b> Fomentar la integraci\u00f3n binacional y mantener el v\u00ednculo cultural con sus ra\u00edces.<\/p>\n<\/li>\n<li>\n<p data-path-to-node=\"3,3,0\"><b data-path-to-node=\"3,3,0\" data-index-in-node=\"0\">Cooperaci\u00f3n pol\u00edtica:<\/b> Han participado activamente en procesos como la Comisi\u00f3n por la Verdad para esclarecer temas relacionados con la migraci\u00f3n y conflictos fronterizos.<\/p>\n<\/li>\n<\/ul>\n<p data-path-to-node=\"4\"><span class=\"citation-2 citation-end-2\">Cuentan con una estructura nacional extensa, con presencia en 19 estados del pa\u00eds y m\u00e1s de 180,000 afiliados.<\/span><\/p>\n<p data-path-to-node=\"6\">La sede principal de la Asociaci\u00f3n Nacional de Colombianos en Venezuela se encuentra en <b data-path-to-node=\"6\" data-index-in-node=\"88\">Caracas<\/b>, espec\u00edficamente en el centro de la ciudad:<\/p>\n<ul data-path-to-node=\"7\">\n<li>\n<p data-path-to-node=\"7,0,0\"><b data-path-to-node=\"7,0,0\" data-index-in-node=\"0\">Direcci\u00f3n:<\/b> Avenida Este 2, sector <b data-path-to-node=\"7,0,0\" data-index-in-node=\"34\">La Candelaria<\/b> (cerca de la Plaza Morelos y el Palacio de Justicia), Municipio Libertador, Caracas, Distrito Capital.<\/p>\n<\/li>\n<li>\n<p data-path-to-node=\"7,1,0\"><b data-path-to-node=\"7,1,0\" data-index-in-node=\"0\">Punto de referencia:<\/b> Se ubica en una zona c\u00e9ntrica cercana a diversas instituciones p\u00fablicas y sedes administrativas.<\/p>\n<\/li>\n<\/ul>\n<p data-path-to-node=\"8\">Debido a que es una organizaci\u00f3n con alcance nacional, tambi\u00e9n operan a trav\u00e9s de delegaciones regionales en estados con alta poblaci\u00f3n colombiana como <b data-path-to-node=\"8\" data-index-in-node=\"152\">Zulia, T\u00e1chira, Miranda y Carabobo<\/b>.<\/p>\n<p data-path-to-node=\"9\">\n<\/div>\n","protected":false},"excerpt":{"rendered":"<p>La Asociaci\u00f3n de Colombianos en Venezuela (tambi\u00e9n conocida como Asocolombianos) es una organizaci\u00f3n social y pol\u00edtica que agrupa a la comunidad de migrantes colombianos residentes en territorio venezolano. Su objetivo principal es la organizaci\u00f3n, defensa e inclusi\u00f3n social de los colombianos en Venezuela. Entre sus funciones destacan: Asistencia social: Facilitar el acceso a programas de &hellip; <\/p>\n<p class=\"link-more\"><a href=\"https:\/\/juancarlostanus.com\/index.php\/contact-us\/\" class=\"more-link\">Continue reading<span class=\"screen-reader-text\"> \u00abContacto\u00bb<\/span><\/a><\/p>\n","protected":false},"author":2,"featured_media":0,"parent":0,"menu_order":0,"comment_status":"closed","ping_status":"closed","template":"","meta":{"footnotes":""},"class_list":["post-31","page","type-page","status-publish","hentry"],"jetpack_sharing_enabled":true,"_links":{"self":[{"href":"https:\/\/juancarlostanus.com\/index.php\/wp-json\/wp\/v2\/pages\/31","targetHints":{"allow":["GET"]}}],"collection":[{"href":"https:\/\/juancarlostanus.com\/index.php\/wp-json\/wp\/v2\/pages"}],"about":[{"href":"https:\/\/juancarlostanus.com\/index.php\/wp-json\/wp\/v2\/types\/page"}],"author":[{"embeddable":true,"href":"https:\/\/juancarlostanus.com\/index.php\/wp-json\/wp\/v2\/users\/2"}],"replies":[{"embeddable":true,"href":"https:\/\/juancarlostanus.com\/index.php\/wp-json\/wp\/v2\/comments?post=31"}],"version-history":[{"count":2,"href":"https:\/\/juancarlostanus.com\/index.php\/wp-json\/wp\/v2\/pages\/31\/revisions"}],"predecessor-version":[{"id":432,"href":"https:\/\/juancarlostanus.com\/index.php\/wp-json\/wp\/v2\/pages\/31\/revisions\/432"}],"wp:attachment":[{"href":"https:\/\/juancarlostanus.com\/index.php\/wp-json\/wp\/v2\/media?parent=31"}],"curies":[{"name":"wp","href":"https:\/\/api.w.org\/{rel}","templated":true}]}}